{"id":37,"date":"2019-01-11T10:42:33","date_gmt":"2019-01-11T09:42:33","guid":{"rendered":"http:\/\/aiton-sc.fr\/?page_id=37"},"modified":"2022-08-20T17:16:06","modified_gmt":"2022-08-20T15:16:06","slug":"education-canine","status":"publish","type":"page","link":"https:\/\/www.aiton-sc.fr\/index.php\/education-canine\/","title":{"rendered":"L&rsquo;\u00e9ducation canine"},"content":{"rendered":"<p>L&rsquo;\u00e9ducation canine se d\u00e9roule les <strong>samedis matin<\/strong>&nbsp;; hors vacances de No\u00ebl et estivale, de <strong>10h \u00e0 11h.<\/strong><\/p>\n<p>Les cours sont dispens\u00e9s par les moniteurs dipl\u00f4m\u00e9s (ou en formation) de la <a href=\"https:\/\/www.centrale-canine.fr\">Soci\u00e9t\u00e9 Centrale Canine.<\/a><br \/>\nVous apprenez dans la bonne humeur, avec amour et respect comment \u00e9duquer votre chien au travers d\u2019exercices en groupe et d\u2019astuces.<\/p>\n<p style=\"text-align: left;\">Vous verrez la sociabilit\u00e9 entre vos chiens et les autres mais \u00e9galement vis-\u00e0-vis des \u00eatres humains, la marche aux pieds (en laisse et sans), le rappel aux pieds, les diff\u00e9rentes positions&#8230;etc.<br \/>\nDe plus, vous apprendrez aux chiens \u00e0 ne pas avoir peur de l\u2019environnement ext\u00e9rieur gr\u00e2ce \u00e0 des stimulations et mises en situation.<br \/>\nEn somme, \u00e0 la Section Cynophile d\u2019Aiton, les moniteurs vous montrent les <strong>bons rudiments de la vie en soci\u00e9t\u00e9 pour vous et votre chien<\/strong>.<\/p>\n<h2>L&rsquo;\u00e9ducatuion canine en pratique :<\/h2>\n<p>Au gr\u00e9 des cours vous pourrez apprendre \u00e0 votre chien divers exercices.<\/p>\n<h3>Les indispensables de l&rsquo;\u00e9ducation :<a href=\"http:\/\/www.aiton-sc.fr\/wp-content\/uploads\/2021\/12\/62359445_10217793623726018_8198921306243072000_n.jpg\"><img loading=\"lazy\" class=\"alignleft wp-image-268\" src=\"http:\/\/www.aiton-sc.fr\/wp-content\/uploads\/2021\/12\/62359445_10217793623726018_8198921306243072000_n.jpg\" alt=\"apprentissage de l'absence\" width=\"227\" height=\"170\" srcset=\"https:\/\/www.aiton-sc.fr\/wp-content\/uploads\/2021\/12\/62359445_10217793623726018_8198921306243072000_n.jpg 420w, https:\/\/www.aiton-sc.fr\/wp-content\/uploads\/2021\/12\/62359445_10217793623726018_8198921306243072000_n-300x225.jpg 300w\" sizes=\"(max-width: 227px) 100vw, 227px\" \/><\/a><\/h3>\n<ul>\n<li>Le rappel.<\/li>\n<li>La marche au pied.<\/li>\n<li>Les positions assis debout et couch\u00e9 (m\u00eame \u00e0 distance !).<\/li>\n<li>L&rsquo;absence (le chien doit rester sans bouger alors que son maitre se cache).<\/li>\n<li>La sociabilit\u00e9 et l&rsquo;absence de peur face aux bruits ext\u00e9rieurs.<\/li>\n<\/ul>\n<h3><\/h3>\n<h3>Mais aussi des exercices plus ludiques :<\/h3>\n<h3><strong><a href=\"http:\/\/www.aiton-sc.fr\/wp-content\/uploads\/2021\/12\/69619210_10218394497267481_5246714916169056256_n.jpg\"><img loading=\"lazy\" class=\"alignright wp-image-263\" src=\"http:\/\/www.aiton-sc.fr\/wp-content\/uploads\/2021\/12\/69619210_10218394497267481_5246714916169056256_n.jpg\" alt=\"exercice d'\u00e9ducation\" width=\"214\" height=\"161\" srcset=\"https:\/\/www.aiton-sc.fr\/wp-content\/uploads\/2021\/12\/69619210_10218394497267481_5246714916169056256_n.jpg 420w, https:\/\/www.aiton-sc.fr\/wp-content\/uploads\/2021\/12\/69619210_10218394497267481_5246714916169056256_n-300x225.jpg 300w\" sizes=\"(max-width: 214px) 100vw, 214px\" \/><\/a><\/strong><\/h3>\n<ul>\n<li>Le saut (saut de haie, mais aussi saut sur un plan inclin\u00e9).<\/li>\n<li>Le tunnel (passer dans un endroit \u00e9triqu\u00e9).<\/li>\n<li>Le rapport d&rsquo;objet.<\/li>\n<li>Et bien d&rsquo;autres !<\/li>\n<\/ul>\n","protected":false},"excerpt":{"rendered":"<p>L&rsquo;\u00e9ducation canine se d\u00e9roule les samedis matin&nbsp;; hors vacances de No\u00ebl et estivale, de 10h \u00e0 11h. Les cours sont dispens\u00e9s par les moniteurs dipl\u00f4m\u00e9s (ou en formation) de la Soci\u00e9t\u00e9 Centrale Canine. Vous apprenez dans la bonne humeur, avec amour et respect comment \u00e9duquer votre chien au travers d\u2019exercices en groupe et d\u2019astuces. Vous &hellip; <\/p>\n<p class=\"link-more\"><a href=\"https:\/\/www.aiton-sc.fr\/index.php\/education-canine\/\" class=\"more-link\">Continuer la lecture<span class=\"screen-reader-text\"> de &laquo;&nbsp;L&rsquo;\u00e9ducation canine&nbsp;&raquo;<\/span><\/a><\/p>\n","protected":false},"author":1,"featured_media":94,"parent":0,"menu_order":0,"comment_status":"closed","ping_status":"closed","template":"","meta":[],"_links":{"self":[{"href":"https:\/\/www.aiton-sc.fr\/index.php\/wp-json\/wp\/v2\/pages\/37"}],"collection":[{"href":"https:\/\/www.aiton-sc.fr\/index.php\/wp-json\/wp\/v2\/pages"}],"about":[{"href":"https:\/\/www.aiton-sc.fr\/index.php\/wp-json\/wp\/v2\/types\/page"}],"author":[{"embeddable":true,"href":"https:\/\/www.aiton-sc.fr\/index.php\/wp-json\/wp\/v2\/users\/1"}],"replies":[{"embeddable":true,"href":"https:\/\/www.aiton-sc.fr\/index.php\/wp-json\/wp\/v2\/comments?post=37"}],"version-history":[{"count":10,"href":"https:\/\/www.aiton-sc.fr\/index.php\/wp-json\/wp\/v2\/pages\/37\/revisions"}],"predecessor-version":[{"id":392,"href":"https:\/\/www.aiton-sc.fr\/index.php\/wp-json\/wp\/v2\/pages\/37\/revisions\/392"}],"wp:featuredmedia":[{"embeddable":true,"href":"https:\/\/www.aiton-sc.fr\/index.php\/wp-json\/wp\/v2\/media\/94"}],"wp:attachment":[{"href":"https:\/\/www.aiton-sc.fr\/index.php\/wp-json\/wp\/v2\/media?parent=37"}],"curies":[{"name":"wp","href":"https:\/\/api.w.org\/{rel}","templated":true}]}}