{"id":197,"date":"2021-03-11T13:28:54","date_gmt":"2021-03-11T12:28:54","guid":{"rendered":"http:\/\/www.aiton-sc.fr\/?page_id=197"},"modified":"2023-02-25T15:32:37","modified_gmt":"2023-02-25T14:32:37","slug":"discipline-sauvetage","status":"publish","type":"page","link":"https:\/\/www.aiton-sc.fr\/index.php\/discipline-sauvetage\/","title":{"rendered":"Le sauvetage"},"content":{"rendered":"<p>Nous d\u00e9veloppons une nouvelle discipline avec une <strong>\u00e9quipe comp\u00e9tition en Sauvetage Surface<\/strong>.<\/p>\n<p>Le Sauvetage est une discipline internationale g\u00e9r\u00e9e par la FCI (F\u00e9d\u00e9ration Cynologique internationale) SANS OBJECTIF OPERATIONNEL.<br \/>Cette discipline est uniquement une \u00e9preuve de s\u00e9lection pour l&rsquo;am\u00e9lioration des races de chiens .<\/p>\n<p><a href=\"https:\/\/www.centrale-canine.fr\/cuncbg-gt-sauvetage\" target=\"_blank\" rel=\"noopener\">LE SAUVETAGE selon la <strong>SCC <\/strong><\/a>: l&rsquo;avalanche, les d\u00e9combres, le pistage et la surface font parties d&rsquo;une discipline excitante et valorisante. Cela n\u00e9cessite une grande complicit\u00e9 entre l\u2019homme et le chien. L\u2019objectif est de retrouver le plus rapidement possible une victime pouvant \u00eatre ensevelie sous deux m\u00e8tres de neige, de gravats, ou bien \u00e9gar\u00e9e dans les bois. Le ma\u00eetre participe avec son chien \u00e0 la recherche par son sens de l\u2019initiative et par sa capacit\u00e9 \u00e0 g\u00e9rer son animal dans des circonstances difficiles. M\u00eame si ces \u00e9preuves se d\u00e9roulent dans des conditions difficiles pour l\u2019animal cela se fait toujours avec un maximum de s\u00e9curit\u00e9. Le travail dans ces sp\u00e9cialit\u00e9s n\u00e9cessite patience, \u00e9coute, complicit\u00e9 et affection pour son chien.<\/p>\n<p>Jacques, passionn\u00e9 et formateur chiens d\u2019avalanches, Franck, votre moniteur et Virginie vous <strong>attendent pour vous faire d\u00e9couvrir le sauvetage avec leurs bin\u00f4mes.<\/strong><\/p>\n<p><a href=\"http:\/\/www.aiton-sc.fr\/wp-content\/uploads\/2021\/03\/158647426_1709175315929712_41261812384149766_n.jpg\"><img loading=\"lazy\" class=\"size-large wp-image-208 aligncenter\" src=\"http:\/\/www.aiton-sc.fr\/wp-content\/uploads\/2021\/03\/158647426_1709175315929712_41261812384149766_n.jpg\" alt=\"\" width=\"399\" height=\"221\" srcset=\"https:\/\/www.aiton-sc.fr\/wp-content\/uploads\/2021\/03\/158647426_1709175315929712_41261812384149766_n.jpg 399w, https:\/\/www.aiton-sc.fr\/wp-content\/uploads\/2021\/03\/158647426_1709175315929712_41261812384149766_n-300x166.jpg 300w\" sizes=\"(max-width: 399px) 100vw, 399px\" \/><\/a><\/p>\n\n\n<p>Les concours se divisent en deux parties :<\/p>\n\n\n\n<h2>Concours de Sauvetage , Ob\u00e9issance<\/h2>\n\n\n\n<p>Cette partie comporte des exercices d&rsquo;ob\u00e9issance qui doivent \u00eatre ex\u00e9cut\u00e9s de mani\u00e8re joyeuse. Il faut souligner que pendant les \u00e9preuves, le chien doit \u00eatre sociable envers ses cong\u00e9n\u00e8re mais aussi envers l&rsquo;humain.<\/p>\n\n\n\n<p>Les exercices d&rsquo;ob\u00e9issance :<\/p>\n\n\n\n<h3>Marche sans laisse :<\/h3>\n\n\n\n<p class=\"has-text-align-right\">Marche au pied avec changements d&rsquo;allure (marche normale, marche lente et pas de course) avec changements d&rsquo;angles et passage au travers d&rsquo;un groupe de personnes et de chiens.<\/p>\n\n\n\n<h3>Contr\u00f4le \u00e0 distance :<\/h3>\n\n\n\n<p class=\"has-text-align-right\">Au cours d&rsquo;une marche au pied sans laisse, le chien est mis en position couch\u00e9 sans que le ma\u00eetre ne s&rsquo;arr\u00eate.  pendant le rappel il est demand\u00e9 au chien de se coucher . <\/p>\n\n\n\n<h3>Rapport d&rsquo;objet :<\/h3>\n\n\n\n<p class=\"has-text-align-right\"> Le chien doit rapporter un oblet lanc\u00e9.<\/p>\n\n\n\n<h3>Porter et remettre :<\/h3>\n\n\n\n<p class=\"has-text-align-right\">Le conducteur porte son cien sur 10 pas puis le remet \u00e0 un assistant qui le portera \u00e9galement sur 10 pas avant de le poser.<\/p>\n\n\n\n<h3>Diriger \u00e0 distance :<\/h3>\n\n\n\n<p class=\"has-text-align-right\">Sur ordre, le chien doit aller sur une table puis sauter sur une table choisie parmis les deux restantes.<\/p>\n\n\n\n<h3>Balan\u00e7oire :<\/h3>\n\n\n\n<p class=\"has-text-align-right\">Le chien doit sur commandement monter, s&rsquo;arr\u00eater, marcher puis descendre d&rsquo;une balan\u00e7oire en bois.<\/p>\n\n\n\n<h3> Echelle :<\/h3>\n\n\n\n<p class=\"has-text-align-right\">Le chien doit marcher sur une \u00e9chelle horisontale en bois .<\/p>\n\n\n\n<h3>Passage dans un tunnel avec chaussette :<\/h3>\n\n\n\n<p class=\"has-text-align-right\">Sur commande le chien doit passer dans un tunnet termin\u00e9 par une chaussette.<\/p>\n\n\n\n<h3>Coucher sous diversion :<\/h3>\n\n\n\n<p class=\"has-text-align-right\">Le chien doit rester coucher sans l&rsquo;intervention du conducteur pendant qu&rsquo;un autre chien effectue les exercices pr\u00e9cendents.<\/p>\n\n\n\n<h2>Concours de Sauvetage,  Recherche<\/h2>\n\n\n\n<p>Le chien doit trouver des victimes cache\u00e9 sur un terrain qui a pr\u00e9alablement \u00e9t\u00e9 parcouru par plusieurs aures personnes et un chien. Son temps de recherche maximal est de 30min.<\/p>\n\n\n\n<p><\/p>\n","protected":false},"excerpt":{"rendered":"<p>Nous d\u00e9veloppons une nouvelle discipline avec une \u00e9quipe comp\u00e9tition en Sauvetage Surface. Le Sauvetage est une discipline internationale g\u00e9r\u00e9e par la FCI (F\u00e9d\u00e9ration Cynologique internationale) SANS OBJECTIF OPERATIONNEL.Cette discipline est uniquement une \u00e9preuve de s\u00e9lection pour l&rsquo;am\u00e9lioration des races de chiens . LE SAUVETAGE selon la SCC : l&rsquo;avalanche, les d\u00e9combres, le pistage et la &hellip; <\/p>\n<p class=\"link-more\"><a href=\"https:\/\/www.aiton-sc.fr\/index.php\/discipline-sauvetage\/\" class=\"more-link\">Continuer la lecture<span class=\"screen-reader-text\"> de &laquo;&nbsp;Le sauvetage&nbsp;&raquo;<\/span><\/a><\/p>\n","protected":false},"author":1,"featured_media":207,"parent":0,"menu_order":0,"comment_status":"closed","ping_status":"closed","template":"","meta":[],"_links":{"self":[{"href":"https:\/\/www.aiton-sc.fr\/index.php\/wp-json\/wp\/v2\/pages\/197"}],"collection":[{"href":"https:\/\/www.aiton-sc.fr\/index.php\/wp-json\/wp\/v2\/pages"}],"about":[{"href":"https:\/\/www.aiton-sc.fr\/index.php\/wp-json\/wp\/v2\/types\/page"}],"author":[{"embeddable":true,"href":"https:\/\/www.aiton-sc.fr\/index.php\/wp-json\/wp\/v2\/users\/1"}],"replies":[{"embeddable":true,"href":"https:\/\/www.aiton-sc.fr\/index.php\/wp-json\/wp\/v2\/comments?post=197"}],"version-history":[{"count":13,"href":"https:\/\/www.aiton-sc.fr\/index.php\/wp-json\/wp\/v2\/pages\/197\/revisions"}],"predecessor-version":[{"id":426,"href":"https:\/\/www.aiton-sc.fr\/index.php\/wp-json\/wp\/v2\/pages\/197\/revisions\/426"}],"wp:featuredmedia":[{"embeddable":true,"href":"https:\/\/www.aiton-sc.fr\/index.php\/wp-json\/wp\/v2\/media\/207"}],"wp:attachment":[{"href":"https:\/\/www.aiton-sc.fr\/index.php\/wp-json\/wp\/v2\/media?parent=197"}],"curies":[{"name":"wp","href":"https:\/\/api.w.org\/{rel}","templated":true}]}}